{"id":13726,"date":"2023-01-30T11:39:00","date_gmt":"2023-01-30T10:39:00","guid":{"rendered":"https:\/\/app.dev.madsys.com\/reynoldsliterary23\/?page_id=13726"},"modified":"2023-12-14T16:04:21","modified_gmt":"2023-12-14T15:04:21","slug":"inicio","status":"publish","type":"page","link":"https:\/\/reynoldsliterary.com\/en\/","title":{"rendered":"Home"},"content":{"rendered":"<div class=\"wpb-content-wrapper\"><p>[vc_row][vc_column]\n\t\t\t\t<p class=\"rs-p-wp-fix\"><\/p>\n\t\t\t\t<sr7-module data-alias=\"logo-animado-11\" data-id=\"3\" id=\"SR7_3_1\" data-version=\"6.7.53\">\n\t\t\t\t\t<sr7-adjuster><\/sr7-adjuster>\n\t\t\t\t\t<sr7-content>\n\t\t\t\t\t\t<sr7-slide id=\"SR7_3_1-6\" data-key=\"6\">\n\t\t\t\t\t\t\t<sr7-txt id=\"SR7_3_1-6-4\" class=\"sr7-layer\">EDITORIAL<br \/> REPRESENTATION<\/sr7-txt>\n\t\t\t\t\t\t<\/sr7-slide>\n\t\t\t\t\t\t<sr7-slide id=\"SR7_3_1-7\" data-key=\"7\">\n\t\t\t\t\t\t\t<sr7-txt id=\"SR7_3_1-7-3\" class=\"sr7-layer\">We represent<\/sr7-txt>\n\t\t\t\t\t\t\t<sr7-txt id=\"SR7_3_1-7-4\" class=\"sr7-layer\">for their worldwide rights<\/sr7-txt>\n\t\t\t\t\t\t\t<sr7-txt id=\"SR7_3_1-7-6\" class=\"sr7-layer\">AUTHORS<\/sr7-txt>\n\t\t\t\t\t\t\t<sr7-txt id=\"SR7_3_1-7-8\" class=\"sr7-layer\">PUBLISHERS<\/sr7-txt>\n\t\t\t\t\t\t\t<sr7-txt id=\"SR7_3_1-7-10\" class=\"sr7-layer\">for translation rights<\/sr7-txt>\n\t\t\t\t\t\t\t<sr7-txt id=\"SR7_3_1-7-11\" class=\"sr7-layer\">and<\/sr7-txt>\n\t\t\t\t\t\t<\/sr7-slide>\n\t\t\t\t\t\t<sr7-slide id=\"SR7_3_1-10\" data-key=\"10\">\n\t\t\t\t\t\t<\/sr7-slide>\n\t\t\t\t\t<\/sr7-content>\n\t\t\t\t<\/sr7-module>\n\t\t\t\t<script>\n\t\t\t\t\twindow.SR7 ??={};SR7.PMH ??={}; SR7.PMH[\"SR7_3_1\"] = {cn:100,state:false,fn: function() { if (window._tpt!==undefined && window._tpt.prepareModuleHeight !== undefined) {  _tpt.prepareModuleHeight({id:\"SR7_3_1\",el:[220,220,220,250],type:'standard',shdw:'0',gh:[220,220,220,250],gw:[1200,1200,1200,480],vpt:['-200px'],size:{fullWidth:true, fullHeight:false},mh:'0',onh:0,onw:0,bg:{color:'transparent'}});   SR7.PMH[\"SR7_3_1\"].state=true;} else if(SR7.PMH[\"SR7_3_1\"].cn-->0)\tsetTimeout( SR7.PMH[\"SR7_3_1\"].fn,19);}};SR7.PMH[\"SR7_3_1\" ].fn();\n\t\t\t\t<\/script>\n[\/vc_column][\/vc_row][vc_section][vc_row el_class=&#8221;profile&#8221;][vc_column][vc_row_inner equal_height=&#8221;yes&#8221; content_placement=&#8221;middle&#8221;][vc_column_inner width=&#8221;1\/3&#8243;][vc_single_image image=&#8221;13810&#8243; img_size=&#8221;250&#215;333&#8243; alignment=&#8221;center&#8221; css_animation=&#8221;fadeIn&#8221; css=&#8221;.vc_custom_1696846629543{border-radius: 25px !important;}&#8221; el_class=&#8221;shadow-default&#8221;][vc_column_text]<\/p>\n<h3 class=\"vc_custom_heading vc_custom_1444313121122\" style=\"text-align: center;\">ANGELA REYNOLDS<\/h3>\n<h5 class=\"vc_custom_heading vc_custom_1444313062104\" style=\"text-align: center;\"><span style=\"color: #751a82;\">AGENT AND DIRECTOR<\/span><\/h5>\n<p>[\/vc_column_text][\/vc_column_inner][vc_column_inner width=&#8221;2\/3&#8243;][vc_column_text el_class=&#8221;m-r-30&#8243;]I have been in publishing as an editor and agent for over 30 years. As an editor of illustrated non-fiction, I worked successfully for several years at Penguin Random House, in Barcelona, before establishing my own agency, Ilustrata, in 1991. I handled the rights to illustrated books, areas of spirituality and well-being, and fiction and non-fiction for children and adults, until 2020 when I transferred the agency to new owners.<\/p>\n<p><strong>Reynolds Literary is my new project, representing a select list of authors for their world rights, and a select group of publishers for their translation rights. I also offer editorial consultancy.<\/strong>[\/vc_column_text][\/vc_column_inner][\/vc_row_inner][\/vc_column][\/vc_row][\/vc_section][vc_section][vc_row][vc_column][vc_column_text css_animation=&#8221;none&#8221; el_class=&#8221;mad_section-title&#8221;]<\/p>\n<h2 style=\"text-align: center;\">Latest News<\/h2>\n<p>[\/vc_column_text][\/vc_column][\/vc_row][vc_row el_id=&#8221;noticias-home&#8221;][vc_column][vc_basic_grid post_type=&#8221;post&#8221; max_items=&#8221;4&#8243; element_width=&#8221;3&#8243; gap=&#8221;35&#8243; item=&#8221;13604&#8243; grid_id=&#8221;vc_gid:1702566164911-ff01bf82-4e46-4&#8243; el_class=&#8221;grid_lastest-news&#8221;][vc_empty_space height=&#8221;64px&#8221;][\/vc_column][\/vc_row][\/vc_section][vc_row gap=&#8221;30&#8243; bg_type=&#8221;image&#8221; parallax_style=&#8221;vcpb-default&#8221; bg_image_new=&#8221;id^13651|url^https:\/\/reynoldsliterary.com\/wp-content\/uploads\/2023\/02\/bg_news-scaled.jpg|caption^null|alt^null|title^bg_news|description^null&#8221; bg_image_repeat=&#8221;no-repeat&#8221; bg_img_attach=&#8221;fixed&#8221; el_class=&#8221;mad_banner-newsletter&#8221;][vc_column][vc_column_text css=&#8221;.vc_custom_1696846768406{margin-bottom: 15px !important;}&#8221;]<\/p>\n<h4 style=\"font-weight: 500; text-align: center;\">Stay up to date with the news. Subscribe to our newsletter for free!<\/h4>\n<p>[\/vc_column_text]\n<div class=\"wpcf7 no-js\" id=\"wpcf7-f13875-o1\" lang=\"en-US\" dir=\"ltr\" data-wpcf7-id=\"13875\">\n<div class=\"screen-reader-response\"><p role=\"status\" aria-live=\"polite\" aria-atomic=\"true\"><\/p> <ul><\/ul><\/div>\n<form action=\"\/en\/wp-json\/wp\/v2\/pages\/13726#wpcf7-f13875-o1\" method=\"post\" class=\"wpcf7-form init\" aria-label=\"Contact form\" novalidate=\"novalidate\" data-status=\"init\">\n<fieldset class=\"hidden-fields-container\"><input type=\"hidden\" name=\"_wpcf7\" value=\"13875\" \/><input type=\"hidden\" name=\"_wpcf7_version\" value=\"6.1.5\" \/><input type=\"hidden\" name=\"_wpcf7_locale\" value=\"en_US\" \/><input type=\"hidden\" name=\"_wpcf7_unit_tag\" value=\"wpcf7-f13875-o1\" \/><input type=\"hidden\" name=\"_wpcf7_container_post\" value=\"0\" \/><input type=\"hidden\" name=\"_wpcf7_posted_data_hash\" value=\"\" \/><input type=\"hidden\" name=\"_wpcf7_recaptcha_response\" value=\"\" \/>\n<\/fieldset>\n<p><span class=\"wpcf7-form-control-wrap\" data-name=\"cliente-nombre\"><input size=\"40\" maxlength=\"400\" class=\"wpcf7-form-control wpcf7-text wpcf7-validates-as-required\" autocomplete=\"name\" aria-required=\"true\" aria-invalid=\"false\" placeholder=\"Your name\" value=\"\" type=\"text\" name=\"cliente-nombre\" \/><\/span><br \/>\n<span class=\"wpcf7-form-control-wrap\" data-name=\"cliente-mail\"><input size=\"40\" maxlength=\"400\" class=\"wpcf7-form-control wpcf7-email wpcf7-validates-as-required wpcf7-text wpcf7-validates-as-email\" autocomplete=\"email\" aria-required=\"true\" aria-invalid=\"false\" placeholder=\"Your email\" value=\"\" type=\"email\" name=\"cliente-mail\" \/><\/span><br \/>\n<input class=\"wpcf7-form-control wpcf7-submit has-spinner\" type=\"submit\" value=\"Subscribe\" \/>\n<\/p><div class=\"wpcf7-response-output\" aria-hidden=\"true\"><\/div>\n<\/form>\n<\/div>\n[\/vc_column][\/vc_row][vc_section][vc_row][vc_column][vc_empty_space][vc_column_text css_animation=&#8221;none&#8221; el_class=&#8221;mad_section-title&#8221; css=&#8221;.vc_custom_1696846789860{margin-bottom: 0px !important;}&#8221;]<\/p>\n<h2 style=\"text-align: center;\">Recent Posts<\/h2>\n<p>[\/vc_column_text][\/vc_column][\/vc_row][vc_row][vc_column css_animation=&#8221;none&#8221;][vc_raw_html]JTVCaW5zdGFncmFtLWZlZWQlMjBmZWVkJTNEMSU1RA==[\/vc_raw_html][\/vc_column][\/vc_row][\/vc_section][vc_section][vc_row gap=&#8221;30&#8243; equal_height=&#8221;yes&#8221; content_placement=&#8221;middle&#8221; css=&#8221;.vc_custom_1676373949310{background-color: #f3f3f3 !important;}&#8221;][vc_column width=&#8221;3\/4&#8243;][vc_column_text]<\/p>\n<h4 style=\"text-align: left; font-weight: 500;\">Don&#8217;t wait any longer, contact me! I will be delighted to meet you.<\/h4>\n<p>[\/vc_column_text][\/vc_column][vc_column width=&#8221;1\/4&#8243;][vc_btn title=&#8221;Send message&#8221; style=&#8221;outline-custom&#8221; outline_custom_color=&#8221;#666666&#8243; outline_custom_hover_background=&#8221;#666666&#8243; outline_custom_hover_text=&#8221;#ffffff&#8221; align=&#8221;center&#8221; i_icon_fontawesome=&#8221;far fa-envelope&#8221; add_icon=&#8221;true&#8221; link=&#8221;url:https%3A%2F%2Freynoldsliterary.com%2Fen%2Fcontact%2F|title:Contact&#8221; el_class=&#8221;mad_btn-secondary&#8221; css=&#8221;.vc_custom_1702566195970{margin-bottom: 35px !important;}&#8221;][\/vc_column][\/vc_row][\/vc_section][vc_section disable_element=&#8221;yes&#8221;][vc_row css=&#8221;.vc_custom_1675179221808{margin-right: -40px !important;margin-left: -40px !important;background-color: #f3f3f3 !important;}&#8221;][vc_column][vc_column_text css_animation=&#8221;none&#8221; el_class=&#8221;mad_section-title&#8221;]<\/p>\n<h2 style=\"text-align: center;\">Contacto<\/h2>\n<p>[\/vc_column_text][vc_row_inner][vc_column_inner width=&#8221;1\/12&#8243;][\/vc_column_inner][vc_column_inner width=&#8221;4\/12&#8243;][vc_single_image image=&#8221;152&#8243; img_size=&#8221;medium&#8221; alignment=&#8221;center&#8221; el_class=&#8221;mad_rounded shadow-default&#8221;][\/vc_column_inner][vc_column_inner width=&#8221;6\/12&#8243;][vc_empty_space][vc_column_text css=&#8221;.vc_custom_1675330736268{margin-right: 80px !important;}&#8221;]<\/p>\n<h5>No esperes m\u00e1s, ponte en contacto con nosotros! Estaremos encantados de atenderte. Respuesta r\u00e1pida junto con informaci\u00f3n sin compromiso.<\/h5>\n<p>[\/vc_column_text][vc_btn title=&#8221;Enviar mensaje&#8221; style=&#8221;outline-custom&#8221; outline_custom_color=&#8221;#666666&#8243; outline_custom_hover_background=&#8221;#666666&#8243; outline_custom_hover_text=&#8221;#ffffff&#8221; i_icon_fontawesome=&#8221;far fa-envelope&#8221; add_icon=&#8221;true&#8221; link=&#8221;url:https%3A%2F%2Freynoldsliterary.com%2Fen%2Fcontact%2F|title:Contact&#8221; el_class=&#8221;mad_btn-secondary&#8221;][\/vc_column_inner][vc_column_inner width=&#8221;1\/12&#8243;][\/vc_column_inner][\/vc_row_inner][vc_empty_space][\/vc_column][\/vc_row][\/vc_section]<\/p>\n<\/div>","protected":false},"excerpt":{"rendered":"<p>[vc_row][vc_column][\/vc_column][\/vc_row][vc_section][vc_row el_class=&#8221;profile&#8221;][vc_column][vc_row_inner equal_height=&#8221;yes&#8221; content_placement=&#8221;middle&#8221;][vc_column_inner width=&#8221;1\/3&#8243;][vc_single_image image=&#8221;13810&#8243; img_size=&#8221;250&#215;333&#8243; alignment=&#8221;center&#8221; css_animation=&#8221;fadeIn&#8221; css=&#8221;.vc_custom_1696846629543{border-radius: 25px !important;}&#8221; el_class=&#8221;shadow-default&#8221;][vc_column_text] ANGELA REYNOLDS AGENT AND DIRECTOR [\/vc_column_text][\/vc_column_inner][vc_column_inner width=&#8221;2\/3&#8243;][vc_column_text el_class=&#8221;m-r-30&#8243;]I have been in publishing as an editor and agent for over 30 years. As an editor of illustrated non-fiction, I worked successfully for several &#8230; <a title=\"Home\" class=\"read-more\" href=\"https:\/\/reynoldsliterary.com\/en\/\" aria-label=\"Read more about Home\"> <\/a><\/p>\n","protected":false},"author":5,"featured_media":0,"parent":0,"menu_order":0,"comment_status":"closed","ping_status":"closed","template":"","meta":{"_acf_changed":false,"footnotes":""},"class_list":["post-13726","page","type-page","status-publish"],"acf":[],"yoast_head":"<!-- This site is optimized with the Yoast SEO plugin v27.4 - https:\/\/yoast.com\/product\/yoast-seo-wordpress\/ -->\n<title>Home - Reynolds Literary<\/title>\n<meta name=\"robots\" content=\"index, follow, max-snippet:-1, max-image-preview:large, max-video-preview:-1\" \/>\n<link rel=\"canonical\" href=\"https:\/\/reynoldsliterary.com\/en\/\" \/>\n<meta property=\"og:locale\" content=\"en_US\" \/>\n<meta property=\"og:type\" content=\"article\" \/>\n<meta property=\"og:title\" content=\"Home - Reynolds Literary\" \/>\n<meta property=\"og:description\" content=\"[vc_row][vc_column][\/vc_column][\/vc_row][vc_section][vc_row el_class=&#8221;profile&#8221;][vc_column][vc_row_inner equal_height=&#8221;yes&#8221; content_placement=&#8221;middle&#8221;][vc_column_inner width=&#8221;1\/3&#8243;][vc_single_image image=&#8221;13810&#8243; img_size=&#8221;250&#215;333&#8243; alignment=&#8221;center&#8221; css_animation=&#8221;fadeIn&#8221; css=&#8221;.vc_custom_1696846629543{border-radius: 25px !important;}&#8221; el_class=&#8221;shadow-default&#8221;][vc_column_text] ANGELA REYNOLDS AGENT AND DIRECTOR [\/vc_column_text][\/vc_column_inner][vc_column_inner width=&#8221;2\/3&#8243;][vc_column_text el_class=&#8221;m-r-30&#8243;]I have been in publishing as an editor and agent for over 30 years. As an editor of illustrated non-fiction, I worked successfully for several ...\" \/>\n<meta property=\"og:url\" content=\"https:\/\/reynoldsliterary.com\/en\/\" \/>\n<meta property=\"og:site_name\" content=\"Reynolds Literary\" \/>\n<meta property=\"article:publisher\" content=\"https:\/\/www.facebook.com\/AMFReynolds\/\" \/>\n<meta property=\"article:modified_time\" content=\"2023-12-14T15:04:21+00:00\" \/>\n<meta name=\"twitter:card\" content=\"summary_large_image\" \/>\n<meta name=\"twitter:label1\" content=\"Est. reading time\" \/>\n\t<meta name=\"twitter:data1\" content=\"3 minutes\" \/>\n<script type=\"application\/ld+json\" class=\"yoast-schema-graph\">{\"@context\":\"https:\\\/\\\/schema.org\",\"@graph\":[{\"@type\":\"WebPage\",\"@id\":\"https:\\\/\\\/reynoldsliterary.com\\\/en\\\/\",\"url\":\"https:\\\/\\\/reynoldsliterary.com\\\/en\\\/\",\"name\":\"Home - Reynolds Literary\",\"isPartOf\":{\"@id\":\"https:\\\/\\\/reynoldsliterary.com\\\/en\\\/#website\"},\"datePublished\":\"2023-01-30T10:39:00+00:00\",\"dateModified\":\"2023-12-14T15:04:21+00:00\",\"breadcrumb\":{\"@id\":\"https:\\\/\\\/reynoldsliterary.com\\\/en\\\/#breadcrumb\"},\"inLanguage\":\"en-US\",\"potentialAction\":[{\"@type\":\"ReadAction\",\"target\":[\"https:\\\/\\\/reynoldsliterary.com\\\/en\\\/\"]}]},{\"@type\":\"BreadcrumbList\",\"@id\":\"https:\\\/\\\/reynoldsliterary.com\\\/en\\\/#breadcrumb\",\"itemListElement\":[{\"@type\":\"ListItem\",\"position\":1,\"name\":\"Portada\",\"item\":\"https:\\\/\\\/reynoldsliterary.com\\\/en\\\/\"},{\"@type\":\"ListItem\",\"position\":2,\"name\":\"Home\"}]},{\"@type\":\"WebSite\",\"@id\":\"https:\\\/\\\/reynoldsliterary.com\\\/en\\\/#website\",\"url\":\"https:\\\/\\\/reynoldsliterary.com\\\/en\\\/\",\"name\":\"Reynolds Literary\",\"description\":\"Representaci\u00f3n Editorial\",\"alternateName\":\"Reynolds Literary\",\"potentialAction\":[{\"@type\":\"SearchAction\",\"target\":{\"@type\":\"EntryPoint\",\"urlTemplate\":\"https:\\\/\\\/reynoldsliterary.com\\\/en\\\/?s={search_term_string}\"},\"query-input\":{\"@type\":\"PropertyValueSpecification\",\"valueRequired\":true,\"valueName\":\"search_term_string\"}}],\"inLanguage\":\"en-US\"}]}<\/script>\n<!-- \/ Yoast SEO plugin. -->","yoast_head_json":{"title":"Home - Reynolds Literary","robots":{"index":"index","follow":"follow","max-snippet":"max-snippet:-1","max-image-preview":"max-image-preview:large","max-video-preview":"max-video-preview:-1"},"canonical":"https:\/\/reynoldsliterary.com\/en\/","og_locale":"en_US","og_type":"article","og_title":"Home - Reynolds Literary","og_description":"[vc_row][vc_column][\/vc_column][\/vc_row][vc_section][vc_row el_class=&#8221;profile&#8221;][vc_column][vc_row_inner equal_height=&#8221;yes&#8221; content_placement=&#8221;middle&#8221;][vc_column_inner width=&#8221;1\/3&#8243;][vc_single_image image=&#8221;13810&#8243; img_size=&#8221;250&#215;333&#8243; alignment=&#8221;center&#8221; css_animation=&#8221;fadeIn&#8221; css=&#8221;.vc_custom_1696846629543{border-radius: 25px !important;}&#8221; el_class=&#8221;shadow-default&#8221;][vc_column_text] ANGELA REYNOLDS AGENT AND DIRECTOR [\/vc_column_text][\/vc_column_inner][vc_column_inner width=&#8221;2\/3&#8243;][vc_column_text el_class=&#8221;m-r-30&#8243;]I have been in publishing as an editor and agent for over 30 years. As an editor of illustrated non-fiction, I worked successfully for several ...","og_url":"https:\/\/reynoldsliterary.com\/en\/","og_site_name":"Reynolds Literary","article_publisher":"https:\/\/www.facebook.com\/AMFReynolds\/","article_modified_time":"2023-12-14T15:04:21+00:00","twitter_card":"summary_large_image","twitter_misc":{"Est. reading time":"3 minutes"},"schema":{"@context":"https:\/\/schema.org","@graph":[{"@type":"WebPage","@id":"https:\/\/reynoldsliterary.com\/en\/","url":"https:\/\/reynoldsliterary.com\/en\/","name":"Home - Reynolds Literary","isPartOf":{"@id":"https:\/\/reynoldsliterary.com\/en\/#website"},"datePublished":"2023-01-30T10:39:00+00:00","dateModified":"2023-12-14T15:04:21+00:00","breadcrumb":{"@id":"https:\/\/reynoldsliterary.com\/en\/#breadcrumb"},"inLanguage":"en-US","potentialAction":[{"@type":"ReadAction","target":["https:\/\/reynoldsliterary.com\/en\/"]}]},{"@type":"BreadcrumbList","@id":"https:\/\/reynoldsliterary.com\/en\/#breadcrumb","itemListElement":[{"@type":"ListItem","position":1,"name":"Portada","item":"https:\/\/reynoldsliterary.com\/en\/"},{"@type":"ListItem","position":2,"name":"Home"}]},{"@type":"WebSite","@id":"https:\/\/reynoldsliterary.com\/en\/#website","url":"https:\/\/reynoldsliterary.com\/en\/","name":"Reynolds Literary","description":"Representaci\u00f3n Editorial","alternateName":"Reynolds Literary","potentialAction":[{"@type":"SearchAction","target":{"@type":"EntryPoint","urlTemplate":"https:\/\/reynoldsliterary.com\/en\/?s={search_term_string}"},"query-input":{"@type":"PropertyValueSpecification","valueRequired":true,"valueName":"search_term_string"}}],"inLanguage":"en-US"}]}},"_links":{"self":[{"href":"https:\/\/reynoldsliterary.com\/en\/wp-json\/wp\/v2\/pages\/13726","targetHints":{"allow":["GET"]}}],"collection":[{"href":"https:\/\/reynoldsliterary.com\/en\/wp-json\/wp\/v2\/pages"}],"about":[{"href":"https:\/\/reynoldsliterary.com\/en\/wp-json\/wp\/v2\/types\/page"}],"author":[{"embeddable":true,"href":"https:\/\/reynoldsliterary.com\/en\/wp-json\/wp\/v2\/users\/5"}],"replies":[{"embeddable":true,"href":"https:\/\/reynoldsliterary.com\/en\/wp-json\/wp\/v2\/comments?post=13726"}],"version-history":[{"count":16,"href":"https:\/\/reynoldsliterary.com\/en\/wp-json\/wp\/v2\/pages\/13726\/revisions"}],"predecessor-version":[{"id":14527,"href":"https:\/\/reynoldsliterary.com\/en\/wp-json\/wp\/v2\/pages\/13726\/revisions\/14527"}],"wp:attachment":[{"href":"https:\/\/reynoldsliterary.com\/en\/wp-json\/wp\/v2\/media?parent=13726"}],"curies":[{"name":"wp","href":"https:\/\/api.w.org\/{rel}","templated":true}]}}